{"id":661,"date":"2019-06-26T15:29:42","date_gmt":"2019-06-26T20:29:42","guid":{"rendered":"https:\/\/colegiobolivariano.edu.co\/?page_id=661"},"modified":"2019-08-07T23:17:53","modified_gmt":"2019-08-08T04:17:53","slug":"contacto","status":"publish","type":"page","link":"https:\/\/colegiobolivariano.edu.co\/?page_id=661","title":{"rendered":"Contacto"},"content":{"rendered":"<p>[vc_row][vc_column width=\u00bb1\/2&#8243;][vc_column_text]\u00c9ste es un formulario de contacto, en el cual estaremos recibiendo sus dudas, comentarios e inquietudes.<\/p>\n<p>las responder\u00e9mos en el menor tiempo posible, con el objetivo de brindarles siempre un mejor servicio.<\/p>\n<p>Tambi\u00e9n lo pueden hacer a trav\u00e9s del siguiente n\u00famero telef\u00f3nico:<\/p>\n<p>+57 (4) 2394580<\/p>\n<p>WhatsApp: 319 5786212 &#8211; 314 7265260<\/p>\n<p>Correo: gerencia@colegiobolivariano.edu.co<\/p>\n<p>[\/vc_column_text][\/vc_column][vc_column width=\u00bb1\/2&#8243;]<div role=\"form\" class=\"wpcf7\" id=\"wpcf7-f660-o1\" lang=\"es-ES\" dir=\"ltr\">\n<div class=\"screen-reader-response\"><\/div>\n<form action=\"\/index.php?rest_route=%2Fwp%2Fv2%2Fpages%2F661#wpcf7-f660-o1\" method=\"post\" class=\"wpcf7-form\" novalidate=\"novalidate\">\n<div style=\"display: none;\">\n<input type=\"hidden\" name=\"_wpcf7\" value=\"660\" \/>\n<input type=\"hidden\" name=\"_wpcf7_version\" value=\"5.1.3\" \/>\n<input type=\"hidden\" name=\"_wpcf7_locale\" value=\"es_ES\" \/>\n<input type=\"hidden\" name=\"_wpcf7_unit_tag\" value=\"wpcf7-f660-o1\" \/>\n<input type=\"hidden\" name=\"_wpcf7_container_post\" value=\"0\" \/>\n<\/div>\n<p><label> Tu nombre (requerido)<br \/>\n    <span class=\"wpcf7-form-control-wrap your-name\"><input type=\"text\" name=\"your-name\" value=\"\" size=\"40\" class=\"wpcf7-form-control wpcf7-text wpcf7-validates-as-required\" aria-required=\"true\" aria-invalid=\"false\" \/><\/span> <\/label><\/p>\n<p><label> Tu correo electr\u00f3nico (requerido)<br \/>\n    <span class=\"wpcf7-form-control-wrap your-email\"><input type=\"email\" name=\"your-email\" value=\"\" size=\"40\" class=\"wpcf7-form-control wpcf7-text wpcf7-email wpcf7-validates-as-required wpcf7-validates-as-email\" aria-required=\"true\" aria-invalid=\"false\" \/><\/span> <\/label><\/p>\n<p><label> Asunto<br \/>\n    <span class=\"wpcf7-form-control-wrap your-subject\"><input type=\"text\" name=\"your-subject\" value=\"\" size=\"40\" class=\"wpcf7-form-control wpcf7-text\" aria-invalid=\"false\" \/><\/span> <\/label><\/p>\n<p><label> Tu mensaje<br \/>\n    <span class=\"wpcf7-form-control-wrap your-message\"><textarea name=\"your-message\" cols=\"40\" rows=\"10\" class=\"wpcf7-form-control wpcf7-textarea\" aria-invalid=\"false\"><\/textarea><\/span> <\/label><\/p>\n<p><input type=\"submit\" value=\"Enviar\" class=\"wpcf7-form-control wpcf7-submit\" \/><\/p>\n<div class=\"wpcf7-response-output wpcf7-display-none\"><\/div><\/form><\/div>[\/vc_column][\/vc_row]<\/p>\n","protected":false},"excerpt":{"rendered":"<p>[vc_row][vc_column width=\u00bb1\/2&#8243;][vc_column_text]\u00c9ste es un formulario de contacto, en el cual estaremos recibiendo sus dudas, comentarios e inquietudes. las responder\u00e9mos en&nbsp;<a href=\"https:\/\/colegiobolivariano.edu.co\/?page_id=661\">&hellip;<\/a><\/p>\n","protected":false},"author":1,"featured_media":0,"parent":0,"menu_order":0,"comment_status":"closed","ping_status":"closed","template":"template-fullwidth.php","meta":[],"_links":{"self":[{"href":"https:\/\/colegiobolivariano.edu.co\/index.php?rest_route=\/wp\/v2\/pages\/661"}],"collection":[{"href":"https:\/\/colegiobolivariano.edu.co\/index.php?rest_route=\/wp\/v2\/pages"}],"about":[{"href":"https:\/\/colegiobolivariano.edu.co\/index.php?rest_route=\/wp\/v2\/types\/page"}],"author":[{"embeddable":true,"href":"https:\/\/colegiobolivariano.edu.co\/index.php?rest_route=\/wp\/v2\/users\/1"}],"replies":[{"embeddable":true,"href":"https:\/\/colegiobolivariano.edu.co\/index.php?rest_route=%2Fwp%2Fv2%2Fcomments&post=661"}],"version-history":[{"count":5,"href":"https:\/\/colegiobolivariano.edu.co\/index.php?rest_route=\/wp\/v2\/pages\/661\/revisions"}],"predecessor-version":[{"id":684,"href":"https:\/\/colegiobolivariano.edu.co\/index.php?rest_route=\/wp\/v2\/pages\/661\/revisions\/684"}],"wp:attachment":[{"href":"https:\/\/colegiobolivariano.edu.co\/index.php?rest_route=%2Fwp%2Fv2%2Fmedia&parent=661"}],"curies":[{"name":"wp","href":"https:\/\/api.w.org\/{rel}","templated":true}]}}